{"id":661,"date":"2018-10-09T09:17:55","date_gmt":"2018-10-09T06:17:55","guid":{"rendered":"https:\/\/merkezteknikservis.com.tr\/index.php\/projects\/"},"modified":"2023-04-03T16:03:42","modified_gmt":"2023-04-03T13:03:42","slug":"garanti-politikamiz","status":"publish","type":"page","link":"https:\/\/merkezteknikservis.com.tr\/index.php\/garanti-politikamiz\/","title":{"rendered":"Garanti Politikam\u0131z"},"content":{"rendered":"\t\t<div data-elementor-type=\"wp-post\" data-elementor-id=\"661\" class=\"elementor elementor-661\">\n\t\t\t\t\t\t\t\t\t<section class=\"elementor-section elementor-top-section elementor-element elementor-element-408d895d elementor-section-boxed elementor-section-height-default elementor-section-height-default\" data-id=\"408d895d\" data-element_type=\"section\" data-settings=\"{&quot;background_background&quot;:&quot;classic&quot;}\">\n\t\t\t\t\t\t<div class=\"elementor-container elementor-column-gap-no\">\n\t\t\t\t\t<div class=\"elementor-column elementor-col-100 elementor-top-column elementor-element elementor-element-4fed6c40\" data-id=\"4fed6c40\" data-element_type=\"column\">\n\t\t\t<div class=\"elementor-widget-wrap elementor-element-populated\">\n\t\t\t\t\t\t\t\t<div class=\"elementor-element elementor-element-47ebe55 elementor-widget elementor-widget-heading\" data-id=\"47ebe55\" data-element_type=\"widget\" data-widget_type=\"heading.default\">\n\t\t\t\t<div class=\"elementor-widget-container\">\n\t\t\t<style>\/*! elementor - v3.12.1 - 02-04-2023 *\/\n.elementor-heading-title{padding:0;margin:0;line-height:1}.elementor-widget-heading .elementor-heading-title[class*=elementor-size-]>a{color:inherit;font-size:inherit;line-height:inherit}.elementor-widget-heading .elementor-heading-title.elementor-size-small{font-size:15px}.elementor-widget-heading .elementor-heading-title.elementor-size-medium{font-size:19px}.elementor-widget-heading .elementor-heading-title.elementor-size-large{font-size:29px}.elementor-widget-heading .elementor-heading-title.elementor-size-xl{font-size:39px}.elementor-widget-heading .elementor-heading-title.elementor-size-xxl{font-size:59px}<\/style><h1 class=\"elementor-heading-title elementor-size-default\">Garanti Politikam\u0131z<\/h1>\t\t<\/div>\n\t\t\t\t<\/div>\n\t\t\t\t\t<\/div>\n\t\t<\/div>\n\t\t\t\t\t\t\t<\/div>\n\t\t<\/section>\n\t\t\t\t<section class=\"elementor-section elementor-top-section elementor-element elementor-element-4e377101 elementor-section-boxed elementor-section-height-default elementor-section-height-default\" data-id=\"4e377101\" data-element_type=\"section\" data-settings=\"{&quot;background_background&quot;:&quot;classic&quot;}\">\n\t\t\t\t\t\t<div class=\"elementor-container elementor-column-gap-no\">\n\t\t\t\t\t<div class=\"elementor-column elementor-col-100 elementor-top-column elementor-element elementor-element-75007e6\" data-id=\"75007e6\" data-element_type=\"column\">\n\t\t\t<div class=\"elementor-widget-wrap elementor-element-populated\">\n\t\t\t\t\t\t\t\t<div class=\"elementor-element elementor-element-64dbe10e elementor-widget elementor-widget-text-editor\" data-id=\"64dbe10e\" data-element_type=\"widget\" data-widget_type=\"text-editor.default\">\n\t\t\t\t<div class=\"elementor-widget-container\">\n\t\t\t<style>\/*! elementor - v3.12.1 - 02-04-2023 *\/\n.elementor-widget-text-editor.elementor-drop-cap-view-stacked .elementor-drop-cap{background-color:#69727d;color:#fff}.elementor-widget-text-editor.elementor-drop-cap-view-framed .elementor-drop-cap{color:#69727d;border:3px solid;background-color:transparent}.elementor-widget-text-editor:not(.elementor-drop-cap-view-default) .elementor-drop-cap{margin-top:8px}.elementor-widget-text-editor:not(.elementor-drop-cap-view-default) .elementor-drop-cap-letter{width:1em;height:1em}.elementor-widget-text-editor .elementor-drop-cap{float:left;text-align:center;line-height:1;font-size:50px}.elementor-widget-text-editor .elementor-drop-cap-letter{display:inline-block}<\/style>\t\t\t\t<p class=\"mbr-text mbr-fonts-style display-7\">Teknik servis firmalar\u0131 i\u00e7erisinde vermekte oldu\u011fu kaliteli ve h\u0131zl\u0131 hizmetlerden dolay\u0131 di\u011fer firmalar\u0131n \u00f6n\u00fcne ge\u00e7meyi ba\u015fararak m\u00fc\u015fterilerin teknik servis konusunda ilk tercih s\u0131ras\u0131nda yer almay\u0131 ba\u015farm\u0131\u015f olan firmam\u0131z\u0131n bu ba\u015far\u0131y\u0131 elde etmesinin ard\u0131nda farkl\u0131 nedenlerin yatt\u0131\u011f\u0131n\u0131 s\u00f6yleyebiliriz. Bu nedenler i\u00e7erisinde m\u00fc\u015fterilerimize vermi\u015f oldu\u011fumuz hizmet kaliteli i\u00e7erisinde deneyimli ekip arkada\u015flar\u0131 ve teknolojiye uygun aletler ile \u00e7al\u0131\u015fma g\u00f6t\u00fcrmemizin yan\u0131 s\u0131ra i\u015fler i\u00e7erisinde sunmu\u015f oldu\u011fumuz garanti sunu\u015fumuz m\u00fc\u015fterileri etkilemektedir.<br \/><br \/><\/p><p class=\"mbr-text mbr-fonts-style display-7\">Bu garantileri sunarken hem kendi \u00fcr\u00fcnlerimize olan g\u00fcvenimizi hem de m\u00fc\u015fterilerimizin g\u00fcvenini sa\u011flamay\u0131 hedeflemekteyiz. Ayr\u0131ca m\u00fc\u015fterilerimize sunmu\u015f oldu\u011fumuz bu garanti se\u00e7ene\u011fi i\u00e7erisinde farkl\u0131 konular\u0131n mevcut oldu\u011funu sizlere a\u00e7\u0131k bir \u015fekilde ifade edebiliriz.<br \/><br \/><\/p><p class=\"mbr-text contacts-text mbr-fonts-style display-5\"><strong>Garanti Prensibimiz<\/strong><\/p><p class=\"mbr-text mbr-fonts-style display-7\"><br \/>Teknik servis firmas\u0131 olarak m\u00fc\u015fterilerimizin bizlerle ileti\u015fime ge\u00e7erek bizlerden alm\u0131\u015f olduklar\u0131 tamir, destek ya da par\u00e7a de\u011fi\u015fimi gibi i\u015flemleri garanti alt\u0131na alabilmekteyiz. E\u011fer tamir i\u015flemi i\u00e7erisinde ge\u00e7en bir \u00fcr\u00fcn varsa bu \u00fcr\u00fcn firmam\u0131z\u0131n garantisi alt\u0131nda olacakt\u0131r. Bununla birlikte firmam\u0131z\u0131n \u00fcr\u00fcnlerinizde yedek par\u00e7a de\u011fi\u015ftirmesi gibi bir uygulama ger\u00e7ekle\u015ftirmesi halinde par\u00e7a de\u011fi\u015fimi yapm\u0131\u015f oldu\u011fumuz \u00fcr\u00fcnlerimizin 1 y\u0131l boyunca firmam\u0131z\u0131n garantisi alt\u0131nda olaca\u011f\u0131n\u0131 s\u00f6yleyebiliriz. Bununla birlikte tak\u0131lan par\u00e7alar\u0131m\u0131z\u0131n orijinal par\u00e7alar oldu\u011funun garantisini verebilmekteyiz.<br \/><br \/><\/p><p class=\"mbr-text mbr-fonts-style display-7\">Ayr\u0131ca m\u00fc\u015fterilerimize vermi\u015f oldu\u011fumuz bu garantilerin s\u00fcreleri genel itibari ile fatura kesimi ile birlikte ba\u015flamaktad\u0131r. Bu y\u00fczden sizlere i\u015f sonunda verece\u011fimiz faturalar\u0131 kaybetmemeniz hem sizlerin hem de bizlerin i\u015fini daha kolay bir hale getirecektir.<br \/><br \/><\/p><p class=\"mbr-text contacts-text mbr-fonts-style display-5\"><strong>Garanti Kapsam\u0131na Girmeyen Durumlar<\/strong><\/p><p class=\"mbr-text mbr-fonts-style display-7\"><br \/>Teknik servis olarak m\u00fc\u015fterilerimize vermi\u015f oldu\u011fumuz hizmetlerin sonunda baz\u0131 durumlar\u0131n meydana gelmesi halinde vermi\u015f oldu\u011fumuz garanti devreye girmeyebilir. Sizlere bu garantiyi devreye sokmayan durumlardan bahsetmek istiyoruz.<\/p><p class=\"mbr-text mbr-fonts-style display-7\"><br \/>Cihazlar\u0131n kullan\u0131m k\u0131lavuzlar\u0131 i\u00e7erisinde belirtilen \u015fekilde montaj\u0131n\u0131n ger\u00e7ekle\u015fmedi\u011fi durumlar i\u00e7erisinde garanti kapsam\u0131m\u0131z i\u00e7erisine girmemektedir. Bununla birlikte \u00fcr\u00fcnlerinize bizlerin yetkili servisi d\u0131\u015f\u0131nda ba\u015fka birileri taraf\u0131ndan m\u00fcdahale ger\u00e7ekle\u015fti\u011fi durumlarda, \u00e7evresel fakt\u00f6rlerden dolay\u0131 meydana gelen sorunlar, dikkatsiz ve yanl\u0131\u015f kullan\u0131ma u\u011frayan \u00fcr\u00fcnler ya da m\u00fc\u015fterilerimizin cihazlar\u0131n\u0131 uygun olmayan bir \u015fekilde \u00e7al\u0131\u015ft\u0131rmalar\u0131 sebebiyle meydana gelen sorunlar sizlere vermi\u015f oldu\u011fumuz garanti hizmeti i\u00e7erisine dahil de\u011fildir. Bunlar d\u0131\u015f\u0131nda bizden ya da i\u015flemimizden dolay\u0131 meydana gelen sorunlar garanti alt\u0131nda diyebiliriz.\u00a0<\/p>\t\t\t\t\t\t<\/div>\n\t\t\t\t<\/div>\n\t\t\t\t\t<\/div>\n\t\t<\/div>\n\t\t\t\t\t\t\t<\/div>\n\t\t<\/section>\n\t\t\t\t<section class=\"elementor-section elementor-top-section elementor-element elementor-element-3c20ab4f elementor-section-full_width elementor-section-content-middle elementor-section-height-default elementor-section-height-default\" data-id=\"3c20ab4f\" data-element_type=\"section\">\n\t\t\t\t\t\t<div class=\"elementor-container elementor-column-gap-no\">\n\t\t\t\t\t<div class=\"elementor-column elementor-col-100 elementor-top-column elementor-element elementor-element-38e9a89a\" data-id=\"38e9a89a\" data-element_type=\"column\">\n\t\t\t<div class=\"elementor-widget-wrap\">\n\t\t\t\t\t\t\t\t\t<\/div>\n\t\t<\/div>\n\t\t\t\t\t\t\t<\/div>\n\t\t<\/section>\n\t\t\t\t\t\t\t<\/div>\n\t\t","protected":false},"excerpt":{"rendered":"<p>Garanti Politikam\u0131z Teknik servis firmalar\u0131 i\u00e7erisinde vermekte oldu\u011fu kaliteli ve h\u0131zl\u0131 hizmetlerden dolay\u0131 di\u011fer firmalar\u0131n \u00f6n\u00fcne ge\u00e7meyi ba\u015fararak m\u00fc\u015fterilerin teknik servis konusunda ilk tercih s\u0131ras\u0131nda yer almay\u0131 ba\u015farm\u0131\u015f olan firmam\u0131z\u0131n bu ba\u015far\u0131y\u0131 elde etmesinin ard\u0131nda farkl\u0131 nedenlerin yatt\u0131\u011f\u0131n\u0131 s\u00f6yleyebiliriz. Bu nedenler i\u00e7erisinde m\u00fc\u015fterilerimize vermi\u015f oldu\u011fumuz hizmet kaliteli i\u00e7erisinde deneyimli ekip arkada\u015flar\u0131 ve teknolojiye uygun aletler &hellip;<\/p>\n<p class=\"read-more\"> <a class=\"\" href=\"https:\/\/merkezteknikservis.com.tr\/index.php\/garanti-politikamiz\/\"> <span class=\"screen-reader-text\">Garanti Politikam\u0131z<\/span> Read More \u00bb<\/a><\/p>\n","protected":false},"author":1,"featured_media":0,"parent":0,"menu_order":0,"comment_status":"closed","ping_status":"closed","template":"","meta":{"site-sidebar-layout":"no-sidebar","site-content-layout":"page-builder","ast-global-header-display":"","ast-main-header-display":"","ast-hfb-above-header-display":"","ast-hfb-below-header-display":"","ast-hfb-mobile-header-display":"","site-post-title":"disabled","ast-breadcrumbs-content":"","ast-featured-img":"disabled","footer-sml-layout":"","theme-transparent-header-meta":"enabled","adv-header-id-meta":"","stick-header-meta":"","header-above-stick-meta":"","header-main-stick-meta":"","header-below-stick-meta":"","footnotes":""},"class_list":["post-661","page","type-page","status-publish","hentry"],"_links":{"self":[{"href":"https:\/\/merkezteknikservis.com.tr\/index.php\/wp-json\/wp\/v2\/pages\/661","targetHints":{"allow":["GET"]}}],"collection":[{"href":"https:\/\/merkezteknikservis.com.tr\/index.php\/wp-json\/wp\/v2\/pages"}],"about":[{"href":"https:\/\/merkezteknikservis.com.tr\/index.php\/wp-json\/wp\/v2\/types\/page"}],"author":[{"embeddable":true,"href":"https:\/\/merkezteknikservis.com.tr\/index.php\/wp-json\/wp\/v2\/users\/1"}],"replies":[{"embeddable":true,"href":"https:\/\/merkezteknikservis.com.tr\/index.php\/wp-json\/wp\/v2\/comments?post=661"}],"version-history":[{"count":5,"href":"https:\/\/merkezteknikservis.com.tr\/index.php\/wp-json\/wp\/v2\/pages\/661\/revisions"}],"predecessor-version":[{"id":806,"href":"https:\/\/merkezteknikservis.com.tr\/index.php\/wp-json\/wp\/v2\/pages\/661\/revisions\/806"}],"wp:attachment":[{"href":"https:\/\/merkezteknikservis.com.tr\/index.php\/wp-json\/wp\/v2\/media?parent=661"}],"curies":[{"name":"wp","href":"https:\/\/api.w.org\/{rel}","templated":true}]}}